{"id":144,"date":"2024-08-13T16:48:04","date_gmt":"2024-08-13T13:48:04","guid":{"rendered":"https:\/\/livagro.com\/?page_id=144"},"modified":"2026-03-09T10:54:11","modified_gmt":"2026-03-09T07:54:11","slug":"contact","status":"publish","type":"page","link":"https:\/\/livagro.com\/en\/contact\/","title":{"rendered":"Contact"},"content":{"rendered":"\n<div class=\"wp-block-group contact-information\"><div class=\"wp-block-group__inner-container is-layout-constrained wp-block-group-is-layout-constrained\">\n<h2 class=\"wp-block-heading heading-tertiary\">Contact Information<\/h2>\n\n\n\n<div class=\"wp-block-group contact-information-detail\"><div class=\"wp-block-group__inner-container is-layout-constrained wp-block-group-is-layout-constrained\">\n<div class=\"wp-block-group is-vertical is-content-justification-center is-layout-flex wp-container-core-group-is-layout-3 wp-block-group-is-layout-flex\">\n<div class=\"wp-block-group\"><div class=\"wp-block-group__inner-container is-layout-constrained wp-block-group-is-layout-constrained\">\n<h2 class=\"wp-block-heading has-text-align-center text-secondary\">Centre Office<\/h2>\n\n\n\n<p class=\"has-text-align-center\">Hamidiye Mah. 264 Sk. No: 18\/1 Haliliye \/ \u015eANLIURFA<\/p>\n\n\n\n<div style=\"height:28px\" aria-hidden=\"true\" class=\"wp-block-spacer\"><\/div>\n<\/div><\/div>\n\n\n\n<div class=\"wp-block-group\"><div class=\"wp-block-group__inner-container is-layout-constrained wp-block-group-is-layout-constrained\">\n<h2 class=\"wp-block-heading has-text-align-center text-secondary\">Factory<\/h2>\n\n\n\n<p class=\"has-text-align-center\">Ko\u00e7\u00f6ren 2. OSB, 222. Cadde No: 10 Eyy\u00fcbiye \/ \u015eANLIURFA<\/p>\n<\/div><\/div>\n<\/div>\n\n\n\n<div class=\"wp-block-group is-vertical is-content-justification-center is-layout-flex wp-container-core-group-is-layout-6 wp-block-group-is-layout-flex\">\n<div class=\"wp-block-group is-vertical is-content-justification-center is-layout-flex wp-container-core-group-is-layout-4 wp-block-group-is-layout-flex\">\n<h2 class=\"wp-block-heading has-text-align-center text-secondary\">Telephone<\/h2>\n\n\n\n<p class=\"has-text-align-center\">0414 315 43 00<\/p>\n<\/div>\n\n\n\n<div class=\"wp-block-group is-vertical is-content-justification-center is-layout-flex wp-container-core-group-is-layout-5 wp-block-group-is-layout-flex\">\n<h2 class=\"wp-block-heading has-text-align-center text-secondary\">E-mail<\/h2>\n\n\n\n<p class=\"has-text-align-center\">info@livagro.com<\/p>\n<\/div>\n<\/div>\n<\/div><\/div>\n<\/div><\/div>\n\n\n\n<div class=\"wp-block-group contact-form-section is-nowrap is-layout-flex wp-container-core-group-is-layout-11 wp-block-group-is-layout-flex\">\n<div class=\"wp-block-group contact-map is-vertical is-layout-flex wp-container-core-group-is-layout-9 wp-block-group-is-layout-flex\">\n<iframe src=\"https:\/\/www.google.com\/maps\/embed?pb=!1m18!1m12!1m3!1d3179.158403883651!2d38.80191607628282!3d37.17270634661229!2m3!1f0!2f0!3f0!3m2!1i1024!2i768!4f13.1!3m3!1m2!1s0x15346e16f53026e7%3A0x25677584d2ef5466!2sLivagro!5e0!3m2!1str!2str!4v1725363359877!5m2!1str!2str\" width=\"600\" height=\"450\" style=\"border:0;\" allowfullscreen=\"\" loading=\"lazy\" referrerpolicy=\"no-referrer-when-downgrade\"><\/iframe>\n<\/div>\n\n\n\n<div class=\"wp-block-group contact-form\"><div class=\"wp-block-group__inner-container is-layout-constrained wp-block-group-is-layout-constrained\">\n<h2 class=\"wp-block-heading heading-tertiary\">Contact Form<\/h2>\n\n\n\n<div class=\"wpcf7 no-js\" id=\"wpcf7-f154-o1\" lang=\"tr-TR\" dir=\"ltr\" data-wpcf7-id=\"154\">\n<div class=\"screen-reader-response\"><p role=\"status\" aria-live=\"polite\" aria-atomic=\"true\"><\/p> <ul><\/ul><\/div>\n<form action=\"\/en\/wp-json\/wp\/v2\/pages\/144#wpcf7-f154-o1\" method=\"post\" class=\"wpcf7-form init\" aria-label=\"\u0130leti\u015fim Formu\" novalidate=\"novalidate\" data-status=\"init\">\n<div style=\"display: none;\">\n<input type=\"hidden\" name=\"_wpcf7\" value=\"154\" \/>\n<input type=\"hidden\" name=\"_wpcf7_version\" value=\"6.0.2\" \/>\n<input type=\"hidden\" name=\"_wpcf7_locale\" value=\"tr_TR\" \/>\n<input type=\"hidden\" name=\"_wpcf7_unit_tag\" value=\"wpcf7-f154-o1\" \/>\n<input type=\"hidden\" name=\"_wpcf7_container_post\" value=\"0\" \/>\n<input type=\"hidden\" name=\"_wpcf7_posted_data_hash\" value=\"\" \/>\n<\/div>\n<span class=\"wpcf7-form-control-wrap\" data-name=\"your-name\"><input size=\"40\" maxlength=\"400\" class=\"wpcf7-form-control wpcf7-text wpcf7-validates-as-required\" autocomplete=\"name\" aria-required=\"true\" aria-invalid=\"false\" placeholder=\"Name Surname\" value=\"\" type=\"text\" name=\"your-name\" \/><\/span>\n<span class=\"wpcf7-form-control-wrap\" data-name=\"your-company\"><input size=\"40\" maxlength=\"400\" class=\"wpcf7-form-control wpcf7-text wpcf7-validates-as-required\" aria-required=\"true\" aria-invalid=\"false\" placeholder=\"Company\" value=\"\" type=\"text\" name=\"your-company\" \/><\/span>\n<span class=\"wpcf7-form-control-wrap\" data-name=\"your-phone\"><input size=\"40\" maxlength=\"400\" class=\"wpcf7-form-control wpcf7-text wpcf7-validates-as-required\" aria-required=\"true\" aria-invalid=\"false\" placeholder=\"Phone\" value=\"\" type=\"text\" name=\"your-phone\" \/><\/span>\n<span class=\"wpcf7-form-control-wrap\" data-name=\"your-email\"><input size=\"40\" maxlength=\"400\" class=\"wpcf7-form-control wpcf7-email wpcf7-validates-as-required wpcf7-text wpcf7-validates-as-email\" autocomplete=\"email\" aria-required=\"true\" aria-invalid=\"false\" placeholder=\"E-mail\" value=\"\" type=\"email\" name=\"your-email\" \/><\/span>\n<span class=\"wpcf7-form-control-wrap\" data-name=\"your-message\"><textarea cols=\"40\" rows=\"10\" maxlength=\"2000\" class=\"wpcf7-form-control wpcf7-textarea\" aria-invalid=\"false\" placeholder=\"Message\" name=\"your-message\"><\/textarea><\/span> <\/label>\n\n<input class=\"wpcf7-form-control wpcf7-submit has-spinner\" type=\"submit\" value=\"Send +\" \/><div class=\"wpcf7-response-output\" aria-hidden=\"true\"><\/div>\n<\/form>\n<\/div>\n\n<\/div><\/div>\n<\/div>\n\n\n\n<div class=\"wp-block-group team is-layout-grid wp-container-core-group-is-layout-12 wp-block-group-is-layout-grid\">\n<div class=\"wp-block-artarda-blocks-accordion-panel\"><div class=\"accordion-title\">GAP \u2013 MEDITERRANEAN REGION<\/div><div class=\"accordion-content\">Orhan BELDEK &#8211;\u00a0Sales\/Marketing<br><a href=\"https:\/\/livagro.netlify.app\/contact#\">0531 287 61 62<\/a><\/div><\/div>\n\n\n\n<div class=\"wp-block-artarda-blocks-accordion-panel\"><div class=\"accordion-title\">GAP \u2013 EAST ANATOLIA<\/div><div class=\"accordion-content\">Bilal \u0130\u015eLER &#8211;\u00a0Sales\/Marketing<br><a href=\"https:\/\/livagro.netlify.app\/contact#\">0 539 930 47 48<\/a><\/div><\/div>\n\n\n\n<div class=\"wp-block-artarda-blocks-accordion-panel\"><div class=\"accordion-title\">AEGEAN &#8211; MEDITERRANEAN<\/div><div class=\"accordion-content\">Esra D\u0130N\u00c7 &#8211;\u00a0Sales\/Marketing<br><a href=\"https:\/\/livagro.netlify.app\/contact#\">0 537 594 45 50<\/a><\/div><\/div>\n\n\n\n<div class=\"wp-block-artarda-blocks-accordion-panel\"><div class=\"accordion-title\">GAP REGION<\/div><div class=\"accordion-content\">Harun SEZER &#8211;\u00a0Technical Support Engineer<br><a href=\"https:\/\/livagro.netlify.app\/contact#\">0 531 395 41 21<\/a><\/div><\/div>\n\n\n\n<div class=\"wp-block-artarda-blocks-accordion-panel\"><div class=\"accordion-title\">AEGEAN \u2013 GAP \u2013 REGION<\/div><div class=\"accordion-content\">Mehmet KAYIRAN &#8211;\u00a0Production \/ R&amp;D \/ Sales<br><a href=\"https:\/\/livagro.netlify.app\/contact#\">0 549 655 53 63<\/a><\/div><\/div>\n\n\n\n<div class=\"wp-block-artarda-blocks-accordion-panel\"><div class=\"accordion-title\">AEGEAN \u2013 GAP \u2013 REGION<\/div><div class=\"accordion-content\">Furkan SARA\u00c7 &#8211;\u00a0Production \/ R&amp;D \/ Sales<br><a href=\"https:\/\/livagro.netlify.app\/contact#\">0 537 523 23 55<\/a><\/div><\/div>\n<\/div>\n\n\n\n<p><\/p>\n","protected":false},"excerpt":{"rendered":"<p>Contact Information Centre Office Hamidiye Mah. 264 Sk. No: 18\/1 Haliliye \/ \u015eANLIURFA Factory Ko\u00e7\u00f6ren 2. OSB, 222. Cadde No: 10 Eyy\u00fcbiye \/ \u015eANLIURFA Telephone 0414 315 43 00 E-mail info@livagro.com Contact Form<\/p>\n","protected":false},"author":1,"featured_media":145,"parent":0,"menu_order":0,"comment_status":"closed","ping_status":"closed","template":"","meta":{"_acf_changed":false,"footnotes":""},"class_list":["post-144","page","type-page","status-publish","has-post-thumbnail","hentry"],"acf":[],"_links":{"self":[{"href":"https:\/\/livagro.com\/en\/wp-json\/wp\/v2\/pages\/144","targetHints":{"allow":["GET"]}}],"collection":[{"href":"https:\/\/livagro.com\/en\/wp-json\/wp\/v2\/pages"}],"about":[{"href":"https:\/\/livagro.com\/en\/wp-json\/wp\/v2\/types\/page"}],"author":[{"embeddable":true,"href":"https:\/\/livagro.com\/en\/wp-json\/wp\/v2\/users\/1"}],"replies":[{"embeddable":true,"href":"https:\/\/livagro.com\/en\/wp-json\/wp\/v2\/comments?post=144"}],"version-history":[{"count":3,"href":"https:\/\/livagro.com\/en\/wp-json\/wp\/v2\/pages\/144\/revisions"}],"predecessor-version":[{"id":520,"href":"https:\/\/livagro.com\/en\/wp-json\/wp\/v2\/pages\/144\/revisions\/520"}],"wp:featuredmedia":[{"embeddable":true,"href":"https:\/\/livagro.com\/en\/wp-json\/wp\/v2\/media\/145"}],"wp:attachment":[{"href":"https:\/\/livagro.com\/en\/wp-json\/wp\/v2\/media?parent=144"}],"curies":[{"name":"wp","href":"https:\/\/api.w.org\/{rel}","templated":true}]}}